 {"id":8040,"date":"2020-04-07T13:53:27","date_gmt":"2020-04-07T12:53:27","guid":{"rendered":"https:\/\/the7.io\/business-advisors\/?page_id=4"},"modified":"2024-06-25T10:46:47","modified_gmt":"2024-06-25T10:46:47","slug":"homepage","status":"publish","type":"page","link":"https:\/\/instanteefectivo.com\/","title":{"rendered":"Homepage"},"content":{"rendered":"<h1>Pr\u00e9stamo r\u00e1pido<\/p>\n<p>Lote en segundos<\/p>\n<p>Seguro y a salvo<\/p>\n<p>Operaci\u00f3n simple<\/h1>\n<h2>Lo Que Estamos Haciendo<\/h2>\n<h2><b>Seguridad y Cumplimiento<\/b><br \/><\/h2>\n<h4>Damos prioridad a la seguridad de los datos y al cumplimiento de la normativa, empleando medidas y procesos de seguridad de \u00faltima generaci\u00f3n para garantizar la confidencialidad e integridad de la informaci\u00f3n de los clientes y de los datos transaccionales.<\/h4>\n<h1>Sobre Nosotros<\/h1>\n<h4>Bienvenido a Instante Efectivo, estamos comprometidos a brindarle soluciones financieras r\u00e1pidas y convenientes. Como empresa centrada en el cliente, nos adherimos a los principios de integridad y transparencia para brindar soporte confiable para sus necesidades financieras.<br \/>\nNuestra misi\u00f3n es ayudar a los clientes a alcanzar la libertad financiera y mejorar su calidad de vida a trav\u00e9s de la innovaci\u00f3n y un excelente servicio.<br \/>\nValores fundamentales: integridad, respuesta r\u00e1pida, adaptaci\u00f3n flexible, el cliente primero.<br \/>\nSeguimos creciendo y desarroll\u00e1ndonos, comprometidos a brindar a nuestros usuarios una experiencia crediticia eficiente y de alta calidad. Nuestro equipo est\u00e1 compuesto por un grupo de profesionales apasionados y experimentados, comprometidos a satisfacer sus diversas necesidades financieras a trav\u00e9s de la innovaci\u00f3n tecnol\u00f3gica y la excelencia en el servicio.<\/h4>\n<p>\t\t\t\t\t\t\t\t\t\t\t\t\t\t\t<img decoding=\"async\" width=\"683\" height=\"1024\" src=\"http:\/\/instanteefectivo.com\/wp-content\/uploads\/2024\/05\/WechatIMG1396-683x1024.png\" alt=\"\" loading=\"lazy\" srcset=\"https:\/\/instanteefectivo.com\/wp-content\/uploads\/2024\/05\/WechatIMG1396-683x1024.png 683w, https:\/\/instanteefectivo.com\/wp-content\/uploads\/2024\/05\/WechatIMG1396-200x300.png 200w, https:\/\/instanteefectivo.com\/wp-content\/uploads\/2024\/05\/WechatIMG1396-768x1152.png 768w, https:\/\/instanteefectivo.com\/wp-content\/uploads\/2024\/05\/WechatIMG1396.png 826w\" sizes=\"auto, (max-width: 683px) 100vw, 683px\" \/><br \/>\n\t\t\t<iframe frameborder=\"0\" scrolling=\"no\" marginheight=\"0\" marginwidth=\"0\"\n\t\t\t\t\tsrc=\"https:\/\/maps.google.com\/maps?q=Iquique%20Tarapac%C3%A1&#038;t=m&#038;z=10&#038;output=embed&#038;iwloc=near\"\n\t\t\t\t\ttitle=\"Iquique Tarapac\u00e1\"\n\t\t\t\t\taria-label=\"Iquique Tarapac\u00e1\"\n\t\t\t><\/iframe><\/p>\n","protected":false},"excerpt":{"rendered":"<p>Pr\u00e9stamo r\u00e1pido Lote en segundos Seguro y a salvo Operaci\u00f3n simple Lo Que Estamos Haciendo Seguridad y Cumplimiento Damos prioridad a la seguridad de los datos y al cumplimiento de la normativa, empleando medidas y procesos de seguridad de \u00faltima generaci\u00f3n para garantizar la confidencialidad e integridad de la informaci\u00f3n de los clientes y de&hellip;<\/p>\n","protected":false},"author":1,"featured_media":0,"parent":0,"menu_order":2,"comment_status":"closed","ping_status":"closed","template":"elementor_header_footer","meta":{"om_disable_all_campaigns":false,"_monsterinsights_skip_tracking":false,"_monsterinsights_sitenote_active":false,"_monsterinsights_sitenote_note":"","_monsterinsights_sitenote_category":0,"footnotes":""},"class_list":["post-8040","page","type-page","status-publish","hentry","description-off"],"aioseo_notices":[],"_links":{"self":[{"href":"https:\/\/instanteefectivo.com\/index.php\/wp-json\/wp\/v2\/pages\/8040","targetHints":{"allow":["GET"]}}],"collection":[{"href":"https:\/\/instanteefectivo.com\/index.php\/wp-json\/wp\/v2\/pages"}],"about":[{"href":"https:\/\/instanteefectivo.com\/index.php\/wp-json\/wp\/v2\/types\/page"}],"author":[{"embeddable":true,"href":"https:\/\/instanteefectivo.com\/index.php\/wp-json\/wp\/v2\/users\/1"}],"replies":[{"embeddable":true,"href":"https:\/\/instanteefectivo.com\/index.php\/wp-json\/wp\/v2\/comments?post=8040"}],"version-history":[{"count":261,"href":"https:\/\/instanteefectivo.com\/index.php\/wp-json\/wp\/v2\/pages\/8040\/revisions"}],"predecessor-version":[{"id":8668,"href":"https:\/\/instanteefectivo.com\/index.php\/wp-json\/wp\/v2\/pages\/8040\/revisions\/8668"}],"wp:attachment":[{"href":"https:\/\/instanteefectivo.com\/index.php\/wp-json\/wp\/v2\/media?parent=8040"}],"curies":[{"name":"wp","href":"https:\/\/api.w.org\/{rel}","templated":true}]}}